{"id":85,"date":"2013-08-11T19:22:53","date_gmt":"2013-08-11T19:22:53","guid":{"rendered":"http:\/\/localhost:8888\/test\/?page_id=532"},"modified":"2025-10-11T10:43:46","modified_gmt":"2025-10-11T10:43:46","slug":"jetzt-anfragen","status":"publish","type":"page","link":"https:\/\/hotel-pension-christl.de\/en\/elements\/pages\/jetzt-anfragen\/","title":{"rendered":"Requests &amp; Contact"},"content":{"rendered":"<ul>\n<li>\n  <div class=\"banner has-hover hide-for-medium\" id=\"banner-1285207910\">\n          <div class=\"banner-inner fill\">\n        <div class=\"banner-bg fill\" >\n            <div class=\"bg fill bg-fill\"><\/div>\n                        <div class=\"overlay\"><\/div>            \n                    <\/div><!-- bg-layers -->\n        <div class=\"banner-layers container\">\n            <div class=\"fill banner-link\"><\/div>            <\/li>\n<\/ul>\n   <div id=\"text-box-317540757\" class=\"text-box banner-layer text-box-circle x100 md-x100 lg-x100 y95 md-y95 lg-y95 res-text\">\n                                <div class=\"text box-shadow-3 dark\">\n              \n              <div class=\"text-inner text-center\">\n                  \n<h3>Rosenheimer Stra\u00dfe 103<\/h3>\n<h3>81667 M\u00fcnchen<\/h3>\n<p><span style=\"font-size: 115%;\"><strong>Reception opening hours:<\/strong><\/span><\/p>\n<p><span style=\"font-size: 115%;\"><strong>07:00 Uhr &#8211; 19:00 Uhr<\/strong><\/span><\/p>\n              <\/div>\n           <\/div><!-- text-box-inner -->\n                            \n<style scope=\"scope\">\n\n#text-box-317540757 .text {\n  background-color: rgba(32, 32, 32, 0.86);\n  font-size: 68%;\n}\n#text-box-317540757 .text-inner {\n  padding: 30px 30px 30px 30px;\n}\n#text-box-317540757 {\n  width: 60%;\n}\n\n\n@media (min-width:550px) {\n\n  #text-box-317540757 {\n    width: 31%;\n  }\n\n}\n<\/style>\n    <\/div><!-- text-box -->\n \n        <\/div><!-- .banner-layers -->\n      <\/div><!-- .banner-inner -->\n\n            \n<style scope=\"scope\">\n\n#banner-1285207910 {\n  padding-top: 500px;\n  background-color: rgb(255,255,255);\n}\n#banner-1285207910 .bg.bg-loaded {\n  background-image: url(https:\/\/hotel-pension-christl.de\/wp-content\/uploads\/2019\/01\/Karte.jpg);\n}\n#banner-1285207910 .overlay {\n  background-color: rgba(0, 0, 0, 0.2);\n}\n#banner-1285207910 .bg {\n  background-position: 100% 41%;\n}\n<\/style>\n  <\/div><!-- .banner -->\n\n\n<div class=\"row\"  id=\"row-1457168226\">\n<div class=\"col medium-6 large-6\"  ><div class=\"col-inner\"  >\n<div class=\"container section-title-container\" ><h3 class=\"section-title section-title-normal\"><b><\/b><span class=\"section-title-main\" >Important questions about the reservation<\/span><b><\/b><\/h3><\/div><!-- .section-title -->\n<div class=\"accordion\" rel=\"\">\n<div class=\"accordion-item\"><a href=\"#\" class=\"accordion-title plain\"><button class=\"toggle\"><i class=\"icon-angle-down\"><\/i><\/button><span>What are our cancellation deadlines?<\/span><\/a><div class=\"accordion-inner\">\n<p>A free cancellation of your room is <strong>a week before<\/strong> <strong>your arrival <\/strong>possible.<\/p>\n<p>If the room is not canceled within this time limit, you have <strong>80%<\/strong> to pay the first night.<\/p>\n<p>Zu Messezeiten, zum M\u00fcnchner Oktoberfest als auch f\u00fcr Gruppenreservierungen \u00fcber 5 Personen sind <strong>no <\/strong>free cancellations possible. The full price has to be paid.<\/p>\n<\/div><\/div>\n<div class=\"accordion-item\"><a href=\"#\" class=\"accordion-title plain\"><button class=\"toggle\"><i class=\"icon-angle-down\"><\/i><\/button><span>Are credit card informations needed if you book a room?<\/span><\/a><div class=\"accordion-inner\">\n<p>Basically, no credit card information is needed.<\/p>\n<p>However, at trade fairs, as well as the Munich Oktoberfest, credit card informations are needed<\/p>\n<\/div><\/div>\n<div class=\"accordion-item\"><a href=\"#\" class=\"accordion-title plain\"><button class=\"toggle\"><i class=\"icon-angle-down\"><\/i><\/button><span>What are our breakfast times?<\/span><\/a><div class=\"accordion-inner\">\n<p>Breakfast is available on weekdays from 07:00 - 09:00.<\/p>\n<p>On weekends and public holidays from 08:30 -10:30.<\/p>\n<p>Deviations are possible by arrangement.<\/p>\n<\/div><\/div>\n<div class=\"accordion-item\"><a href=\"#\" class=\"accordion-title plain\"><button class=\"toggle\"><i class=\"icon-angle-down\"><\/i><\/button><span>Are parking spaces available?<\/span><\/a><div class=\"accordion-inner\">\n<p>Yes, there are parking spaces in our courtyard.<\/p>\n<p>However, we recommend that you book them with your reservation.<\/p>\n<\/div><\/div>\n<div class=\"accordion-item\"><a href=\"#\" class=\"accordion-title plain\"><button class=\"toggle\"><i class=\"icon-angle-down\"><\/i><\/button><span>When should you checkout?<\/span><\/a><div class=\"accordion-inner\">\n<p>In our hotel the checkout is possible until 11 o'clock.<\/p>\n<p>A later checkout will incur additional charges.<\/p>\n<\/div><\/div>\n<div class=\"accordion-item\"><a href=\"#\" class=\"accordion-title plain\"><button class=\"toggle\"><i class=\"icon-angle-down\"><\/i><\/button><span>Which payment methods are possible?<\/span><\/a><div class=\"accordion-inner\">\n<p>In unserem Hotel k\u00f6nnen Sie ausschlie\u00dflich mit Ihrer EC oder Kredit Karte bezahlen. Barzahlungen sind nicht m\u00f6glich !<\/p>\n<\/div><\/div>\n<div class=\"accordion-item\"><a href=\"#\" class=\"accordion-title plain\"><button class=\"toggle\"><i class=\"icon-angle-down\"><\/i><\/button><span>Are there any rooms facing the courtyard?<\/span><\/a><div class=\"accordion-inner\">\n<p>Yes, there are both rooms on our courtyard side, as well as to the street available.<\/p>\n<\/div><\/div>\n<\/div>\n<\/div><\/div>\n<div class=\"col medium-6 large-6\"  ><div class=\"col-inner\"  >\n<div class=\"container section-title-container\" ><h3 class=\"section-title section-title-normal\"><b><\/b><span class=\"section-title-main\" >Ask your room now<\/span><b><\/b><\/h3><\/div><!-- .section-title -->\n\n<div class=\"wpcf7 no-js\" id=\"wpcf7-f441-o1\" lang=\"de-DE\" dir=\"ltr\" data-wpcf7-id=\"441\">\n<div class=\"screen-reader-response\"><p role=\"status\" aria-live=\"polite\" aria-atomic=\"true\"><\/p> <ul><\/ul><\/div>\n<form action=\"\/en\/wp-json\/wp\/v2\/pages\/85#wpcf7-f441-o1\" method=\"post\" class=\"wpcf7-form init\" aria-label=\"Kontaktformular\" novalidate=\"novalidate\" data-status=\"init\" data-trp-original-action=\"\/en\/wp-json\/wp\/v2\/pages\/85#wpcf7-f441-o1\">\n<fieldset class=\"hidden-fields-container\"><input type=\"hidden\" name=\"_wpcf7\" value=\"441\" \/><input type=\"hidden\" name=\"_wpcf7_version\" value=\"6.1.5\" \/><input type=\"hidden\" name=\"_wpcf7_locale\" value=\"de_DE\" \/><input type=\"hidden\" name=\"_wpcf7_unit_tag\" value=\"wpcf7-f441-o1\" \/><input type=\"hidden\" name=\"_wpcf7_container_post\" value=\"0\" \/><input type=\"hidden\" name=\"_wpcf7_posted_data_hash\" value=\"\" \/>\n<\/fieldset>\n<p><label> Your name (required)<br \/>\n<span class=\"wpcf7-form-control-wrap\" data-name=\"ihr-name\"><input size=\"40\" maxlength=\"400\" class=\"wpcf7-form-control wpcf7-text wpcf7-validates-as-required\" aria-required=\"true\" aria-invalid=\"false\" value=\"\" type=\"text\" name=\"ihr-name\" \/><\/span> <\/label>\n<\/p>\n<p><label> Street and house number:<br \/>\n<span class=\"wpcf7-form-control-wrap\" data-name=\"text-515\"><input size=\"40\" maxlength=\"400\" class=\"wpcf7-form-control wpcf7-text\" aria-invalid=\"false\" value=\"\" type=\"text\" name=\"text-515\" \/><\/span> <\/label>\n<\/p>\n<p><label> Postcode \/ town:<br \/>\n<span class=\"wpcf7-form-control-wrap\" data-name=\"text-331\"><input size=\"40\" maxlength=\"400\" class=\"wpcf7-form-control wpcf7-text\" aria-invalid=\"false\" value=\"\" type=\"text\" name=\"text-331\" \/><\/span> <\/label>\n<\/p>\n<p><label> Your phone number<br \/>\n<span class=\"wpcf7-form-control-wrap\" data-name=\"tel-434\"><input size=\"40\" maxlength=\"400\" class=\"wpcf7-form-control wpcf7-tel wpcf7-text wpcf7-validates-as-tel\" aria-invalid=\"false\" value=\"\" type=\"tel\" name=\"tel-434\" \/><\/span> <\/label>\n<\/p>\n<p><label> Your e-mail address (required)<br \/>\n<span class=\"wpcf7-form-control-wrap\" data-name=\"your-email\"><input size=\"40\" maxlength=\"400\" class=\"wpcf7-form-control wpcf7-email wpcf7-validates-as-required wpcf7-text wpcf7-validates-as-email\" aria-required=\"true\" aria-invalid=\"false\" value=\"\" type=\"email\" name=\"your-email\" \/><\/span> <\/label>\n<\/p>\n<p><label>Number of people:<\/label><br \/>\n<span class=\"wpcf7-form-control-wrap\" data-name=\"your-pet1\"><select class=\"wpcf7-form-control wpcf7-select wpcf7-validates-as-required\" aria-required=\"true\" aria-invalid=\"false\" name=\"your-pet1\"><option value=\"ausw\u00e4hlen\">choose<\/option><option value=\"1\">1<\/option><option value=\"2\">2<\/option><option value=\"3\">3<\/option><option value=\"4\">4<\/option><option value=\"5\">5<\/option><option value=\"6\">6<\/option><option value=\"7\">7<\/option><option value=\"8\">8<\/option><option value=\"9\">9<\/option><option value=\"10\">10<\/option><\/select><\/span>\n<\/p>\n<p><label>Room type:<\/label><br \/>\n<span class=\"wpcf7-form-control-wrap\" data-name=\"your-pet\"><select class=\"wpcf7-form-control wpcf7-select wpcf7-validates-as-required\" aria-required=\"true\" aria-invalid=\"false\" name=\"your-pet\"><option value=\"ausw\u00e4hlen\">choose<\/option><option value=\"Einzelzimmer\">single room<\/option><option value=\"Einzelzimmer inkl. Fr\u00fchst\u00fcck\">Single room incl. Breakfast<\/option><option value=\"Doppelzimmer inkl. Fr\u00fchst\u00fcck\">Double room incl. Breakfast<\/option><option value=\"Doppelzimmer\">double room<\/option><option value=\"Dreibettzimmer\">triple room<\/option><\/select><\/span>\n<\/p>\n<p><label> your arrival<br \/>\n<span class=\"wpcf7-form-control-wrap\" data-name=\"text-491\"><input size=\"40\" maxlength=\"400\" class=\"wpcf7-form-control wpcf7-text\" aria-invalid=\"false\" value=\"\" type=\"text\" name=\"text-491\" \/><\/span><\/label>\n<\/p>\n<p><label> departure<br \/>\n<span class=\"wpcf7-form-control-wrap\" data-name=\"text-492\"><input size=\"40\" maxlength=\"400\" class=\"wpcf7-form-control wpcf7-text\" aria-invalid=\"false\" value=\"\" type=\"text\" name=\"text-492\" \/><\/span> <\/label>\n<\/p>\n<p><label> Your message \/ comment<br \/>\n<span class=\"wpcf7-form-control-wrap\" data-name=\"your-message\"><textarea cols=\"40\" rows=\"10\" maxlength=\"2000\" class=\"wpcf7-form-control wpcf7-textarea\" aria-invalid=\"false\" name=\"your-message\"><\/textarea><\/span> <\/label><br \/>\n<span class=\"wpcf7-form-control-wrap\" data-name=\"acceptance-655\"><span class=\"wpcf7-form-control wpcf7-acceptance\"><span class=\"wpcf7-list-item\"><label><input type=\"checkbox\" name=\"acceptance-655\" value=\"1\" aria-invalid=\"false\" \/><span class=\"wpcf7-list-item-label\">I agree with the <a href=\"\/en\/datenschutzerklaerung\/\">Data protection declaration <\/a> If you send us inquiries via the contact form, your details from the inquiry form, including the contact data you provide there, will be stored by us for the purpose of processing the inquiry and in the event of follow-up questions. (mandatory field)<\/span><\/label><\/span><\/span><\/span>\n<\/p>\n<p><input class=\"wpcf7-form-control wpcf7-submit has-spinner\" type=\"submit\" value=\"Send\" \/>\n<\/p><div class=\"wpcf7-response-output\" aria-hidden=\"true\"><\/div>\n<input type=\"hidden\" name=\"trp-form-language\" value=\"en\"\/><\/form>\n<\/div>\n\n<\/div><\/div>\n<\/div>\n<p>&nbsp;<\/p>","protected":false},"excerpt":{"rendered":"<p>&nbsp;<\/p>","protected":false},"author":1,"featured_media":0,"parent":44,"menu_order":0,"comment_status":"closed","ping_status":"closed","template":"page-blank.php","meta":{"footnotes":""},"class_list":["post-85","page","type-page","status-publish","hentry"],"_links":{"self":[{"href":"https:\/\/hotel-pension-christl.de\/en\/wp-json\/wp\/v2\/pages\/85","targetHints":{"allow":["GET"]}}],"collection":[{"href":"https:\/\/hotel-pension-christl.de\/en\/wp-json\/wp\/v2\/pages"}],"about":[{"href":"https:\/\/hotel-pension-christl.de\/en\/wp-json\/wp\/v2\/types\/page"}],"author":[{"embeddable":true,"href":"https:\/\/hotel-pension-christl.de\/en\/wp-json\/wp\/v2\/users\/1"}],"replies":[{"embeddable":true,"href":"https:\/\/hotel-pension-christl.de\/en\/wp-json\/wp\/v2\/comments?post=85"}],"version-history":[{"count":26,"href":"https:\/\/hotel-pension-christl.de\/en\/wp-json\/wp\/v2\/pages\/85\/revisions"}],"predecessor-version":[{"id":616,"href":"https:\/\/hotel-pension-christl.de\/en\/wp-json\/wp\/v2\/pages\/85\/revisions\/616"}],"up":[{"embeddable":true,"href":"https:\/\/hotel-pension-christl.de\/en\/wp-json\/wp\/v2\/pages\/44"}],"wp:attachment":[{"href":"https:\/\/hotel-pension-christl.de\/en\/wp-json\/wp\/v2\/media?parent=85"}],"curies":[{"name":"wp","href":"https:\/\/api.w.org\/{rel}","templated":true}]}}