{"id":545,"date":"2019-02-10T10:20:37","date_gmt":"2019-02-10T10:20:37","guid":{"rendered":"https:\/\/hotel-pension-christl.de\/?page_id=545"},"modified":"2019-02-10T10:20:37","modified_gmt":"2019-02-10T10:20:37","slug":"unsereinzelzimmer-2","status":"publish","type":"page","link":"https:\/\/hotel-pension-christl.de\/en\/unsereinzelzimmer-2\/","title":{"rendered":"Test Einzelzimmer"},"content":{"rendered":"<div class=\"container section-title-container\" ><h2 class=\"section-title section-title-center\"><b><\/b><span class=\"section-title-main\" >Our single room<\/span><b><\/b><\/h2><\/div><!-- .section-title -->\r\n\r\n<div class=\"slider-wrapper relative\" id=\"slider-1302162641\" style=\"background-color:rgb(255,255,255);\">\n    <div class=\"slider slider-type-fade slider-nav-circle slider-nav-normal slider-nav-light slider-style-normal\"\n        data-flickity-options='{            \"cellAlign\": \"center\",            \"imagesLoaded\": true,            \"lazyLoad\": 1,            \"freeScroll\": true,            \"wrapAround\": true,            \"autoPlay\": 6000,            \"pauseAutoPlayOnHover\" : true,            \"prevNextButtons\": true,            \"contain\" : true,            \"adaptiveHeight\" : true,            \"dragThreshold\" : 10,            \"percentPosition\": true,            \"pageDots\": true,            \"rightToLeft\": false,            \"draggable\": true,            \"selectedAttraction\": 0.1,            \"parallax\" : 0,            \"friction\": 0.6        }'\n        >\n        \r\n\r\n<div class=\"row row-large row-full-width row-solid row-box-shadow-3 row-box-shadow-5-hover\"  id=\"row-1614692395\">\r\n\r\n<div class=\"col medium-4 small-12 large-4\"  ><div class=\"col-inner\"  >\r\n\r\n\t<div class=\"box has-hover has-hover box-text-bottom\" >\n\n\t\t<div class=\"box-image\" style=\"border-radius:3%;width:97%;\">\n\t\t\t\t\t\t<div class=\"image-zoom\" >\n\t\t\t\t<img loading=\"lazy\" decoding=\"async\" width=\"1599\" height=\"1200\" src=\"https:\/\/hotel-pension-christl.de\/wp-content\/uploads\/2019\/01\/Bad.jpeg\" class=\"attachment- size-\" alt=\"\" srcset=\"https:\/\/hotel-pension-christl.de\/wp-content\/uploads\/2019\/01\/Bad.jpeg 1599w, https:\/\/hotel-pension-christl.de\/wp-content\/uploads\/2019\/01\/Bad-533x400.jpeg 533w, https:\/\/hotel-pension-christl.de\/wp-content\/uploads\/2019\/01\/Bad-768x576.jpeg 768w, https:\/\/hotel-pension-christl.de\/wp-content\/uploads\/2019\/01\/Bad-1066x800.jpeg 1066w, https:\/\/hotel-pension-christl.de\/wp-content\/uploads\/2019\/01\/Bad-600x450.jpeg 600w\" sizes=\"auto, (max-width: 1599px) 100vw, 1599px\" \/>\t\t\t\t\t\t\t\t\t\t\t<\/div>\n\t\t\t\t\t<\/div><!-- box-image -->\n\n\t\t<div class=\"box-text text-center\" >\n\t\t\t<div class=\"box-text-inner\">\n\t\t\t\t\r\n<h4><\/h4>\r\nOur bathroom\r\n\r\n\t\t\t<\/div><!-- box-text-inner -->\n\t\t<\/div><!-- box-text -->\n\t<\/div><!-- .box  -->\n\t\r\n\r\n<\/div><\/div>\r\n<div class=\"col medium-4 small-12 large-4\"  ><div class=\"col-inner\"  >\r\n\r\n\t<div class=\"box has-hover has-hover box-default box-text-bottom\" >\n\n\t\t<div class=\"box-image\" style=\"border-radius:3%;width:97%;\">\n\t\t\t\t\t\t<div class=\"image-zoom\" >\n\t\t\t\t<img loading=\"lazy\" decoding=\"async\" width=\"3894\" height=\"2920\" src=\"https:\/\/hotel-pension-christl.de\/wp-content\/uploads\/2019\/01\/Einzelzimmer.jpg\" class=\"attachment- size-\" alt=\"\" srcset=\"https:\/\/hotel-pension-christl.de\/wp-content\/uploads\/2019\/01\/Einzelzimmer.jpg 3894w, https:\/\/hotel-pension-christl.de\/wp-content\/uploads\/2019\/01\/Einzelzimmer-533x400.jpg 533w, https:\/\/hotel-pension-christl.de\/wp-content\/uploads\/2019\/01\/Einzelzimmer-768x576.jpg 768w, https:\/\/hotel-pension-christl.de\/wp-content\/uploads\/2019\/01\/Einzelzimmer-1067x800.jpg 1067w, https:\/\/hotel-pension-christl.de\/wp-content\/uploads\/2019\/01\/Einzelzimmer-600x450.jpg 600w\" sizes=\"auto, (max-width: 3894px) 100vw, 3894px\" \/>\t\t\t\t\t\t\t\t\t\t\t<\/div>\n\t\t\t\t\t<\/div><!-- box-image -->\n\n\t\t<div class=\"box-text text-center\" >\n\t\t\t<div class=\"box-text-inner\">\n\t\t\t\t\r\n<h4><\/h4>\r\nThe room\r\n\r\n\t\t\t<\/div><!-- box-text-inner -->\n\t\t<\/div><!-- box-text -->\n\t<\/div><!-- .box  -->\n\t\r\n\r\n<\/div><\/div>\r\n<div class=\"col medium-4 small-12 large-4\"  ><div class=\"col-inner\"  >\r\n\r\n\t<div class=\"box has-hover has-hover box-default box-text-bottom\" >\n\n\t\t<div class=\"box-image\" style=\"border-radius:3%;width:97%;\">\n\t\t\t\t\t\t<div class=\"image-zoom image-cover\" style=\"padding-top:75%;\">\n\t\t\t\t<img loading=\"lazy\" decoding=\"async\" width=\"4111\" height=\"2976\" src=\"https:\/\/hotel-pension-christl.de\/wp-content\/uploads\/2019\/01\/Fr\u00fchst\u00fccksraum2.jpg\" class=\"attachment- size-\" alt=\"\" srcset=\"https:\/\/hotel-pension-christl.de\/wp-content\/uploads\/2019\/01\/Fr\u00fchst\u00fccksraum2.jpg 4111w, https:\/\/hotel-pension-christl.de\/wp-content\/uploads\/2019\/01\/Fr\u00fchst\u00fccksraum2-553x400.jpg 553w, https:\/\/hotel-pension-christl.de\/wp-content\/uploads\/2019\/01\/Fr\u00fchst\u00fccksraum2-768x556.jpg 768w, https:\/\/hotel-pension-christl.de\/wp-content\/uploads\/2019\/01\/Fr\u00fchst\u00fccksraum2-1105x800.jpg 1105w, https:\/\/hotel-pension-christl.de\/wp-content\/uploads\/2019\/01\/Fr\u00fchst\u00fccksraum2-600x434.jpg 600w\" sizes=\"auto, (max-width: 4111px) 100vw, 4111px\" \/>\t\t\t\t\t\t\t\t\t\t\t<\/div>\n\t\t\t\t\t<\/div><!-- box-image -->\n\n\t\t<div class=\"box-text text-center\" >\n\t\t\t<div class=\"box-text-inner\">\n\t\t\t\t\r\n<h4><\/h4>\r\nOur breakfast room\r\n\r\n\t\t\t<\/div><!-- box-text-inner -->\n\t\t<\/div><!-- box-text -->\n\t<\/div><!-- .box  -->\n\t\r\n\r\n<\/div><\/div>\r\n\r\n\n<style scope=\"scope\">\n\n<\/style>\n<\/div>\r\n\r\n     <\/div>\n\n     <div class=\"loading-spin dark large centered\"><\/div>\n\n     <style scope=\"scope\">\n             <\/style>\n<\/div><!-- .ux-slider-wrapper -->\n\n\r\n<div class=\"container section-title-container\" ><h2 class=\"section-title section-title-center\"><b><\/b><span class=\"section-title-main\" >Our room equipment<\/span><b><\/b><\/h2><\/div><!-- .section-title -->\r\n\r\n<div class=\"message-box relative\" style=\"padding-top:73px;padding-bottom:73px;\"><div class=\"message-box-bg-image bg-fill fill\" ><\/div><div class=\"message-box-bg-overlay bg-fill fill\" ><\/div><div class=\"container relative\"><div class=\"inner last-reset\">\r\n\r\n<div class=\"row align-middle align-center\"  id=\"row-429537602\">\r\n\r\n<div class=\"col medium-8 small-12 large-8\"  ><div class=\"col-inner\"  >\r\n<div class=\"image-text-column\">\r\n<div>\r\n<div class=\"one-columns\">\r\n\r\nUnser familiengef\u00fchrtes Hotel verf\u00fcgt \u00fcber 17 komfortabel eingerichtete und gut ausgestattete Zimmer, welche zum Wohlf\u00fchlen und Entspannen einladen.\r\n\r\nTV und W-LAN stehen Ihnen sowohl in der Lobby als auch in Ihren Zimmern zur Verf\u00fcgung. Ebenso wie ein Direktwahltelefon, einem kleinen K\u00fchlschrank und einem Schreibtisch.\r\n\r\nSollten bei Ihnen dennoch W\u00fcnsche offen geblieben sein, so z\u00f6gern Sie nicht unser freundliches Personal zu ersuchen.\r\n<div class=\"image-text-column\">\r\n<div>\r\n<div class=\"one-columns\">\r\n\r\n<hr \/>\r\n\r\n<span style=\"font-size: 140%;\"><strong>Price per night begins at 80 \u20ac excluded breakfast *<\/strong><\/span>\r\n\r\n<\/div>\r\n<\/div>\r\n<\/div>\r\n&nbsp;\r\n\r\n* The prices shown are prices in low season. At trade fairs and high season, e.g. Oktoberfest other conditions apply. Please ask for these by phone or via our contact formuar.\r\n\r\n<\/div>\r\n<\/div>\r\n<\/div>\r\n<\/div><\/div>\r\n<div class=\"col medium-4 small-12 large-4\"  ><div class=\"col-inner text-center\"  >\r\n\r\n<div class=\"ux-logo has-hover align-middle ux_logo inline-block\" style=\"max-width: 100%!important; width: 363.96226415094px!important\"><div class=\"ux-logo-link block image-\" title=\"\" target=\"_self\" href=\"\" style=\"padding: 15px;\"><img decoding=\"async\" src=\"https:\/\/hotel-pension-christl.de\/wp-content\/uploads\/2019\/01\/Logo.png\" title=\"\" alt=\"\" class=\"ux-logo-image block\" style=\"height:100px;\" \/><\/div><\/div>\r\n\r\n<\/div><\/div>\r\n\r\n\n<style scope=\"scope\">\n\n<\/style>\n<\/div>\r\n\r\n<\/div><\/div><\/div>\r\n\t<section class=\"section\" id=\"section_313515044\">\n\t\t<div class=\"bg section-bg fill bg-fill  bg-loaded\" >\n\n\t\t\t\n\t\t\t<div class=\"section-bg-overlay absolute fill\"><\/div>\n\t\t\t\n\t<div class=\"is-border\"\n\t\tstyle=\"border-width:1px 0px 1px 0px;\">\n\t<\/div>\n\n\t\t<\/div><!-- .section-bg -->\n\n\t\t<div class=\"section-content relative\">\n\t\t\t\r\n\r\n<div class=\"accordion\" rel=\"\">\r\n\r\n<div class=\"accordion-item\"><a href=\"#\" class=\"accordion-title plain\"><button class=\"toggle\"><i class=\"icon-angle-down\"><\/i><\/button><span>room facilities<\/span><\/a><div class=\"accordion-inner\">\r\n<ul>\r\n \t<li><span class=\"Wz93Yc\"><span class=\"lqsp7b\"><span class=\"THkfd\">free Wifi<\/span><\/span><\/span><\/li>\r\n \t<li>Flat screen TV<\/li>\r\n \t<li>fridge<\/li>\r\n \t<li><span class=\"Wz93Yc\"><span class=\"lqsp7b\"><span class=\"THkfd\">small pets allowed<\/span><\/span><\/span><\/li>\r\n \t<li><span class=\"Wz93Yc\"><span class=\"lqsp7b\"><span class=\"THkfd\">Child friendly<\/span><\/span><\/span><\/li>\r\n \t<li><span class=\"Wz93Yc\"><span class=\"lqsp7b\"><span class=\"THkfd\">Smokeless rooms\r\n<\/span><\/span><\/span><\/li>\r\n<\/ul>\r\n<\/div><\/div>\r\n<div class=\"accordion-item\"><a href=\"#\" class=\"accordion-title plain\"><button class=\"toggle\"><i class=\"icon-angle-down\"><\/i><\/button><span>Additionally selectable<\/span><\/a><div class=\"accordion-inner\">\r\n<ul>\r\n \t<li><span class=\"Wz93Yc\"><span class=\"lqsp7b\"><span class=\"THkfd\">Parking (10 \u20ac per night)<\/span><\/span><\/span><\/li>\r\n \t<li>Breakfast (5 \u20ac per night)<\/li>\r\n \t<li>Iron \/ ironing board (free of charge)<\/li>\r\n \t<li>Kettle (free of charge)<\/li>\r\n<\/ul>\r\n<\/div><\/div>\r\n\r\n<\/div>\r\n\r\n\t\t<\/div><!-- .section-content -->\n\n\t\t\n<style scope=\"scope\">\n\n#section_313515044 {\n  padding-top: 0px;\n  padding-bottom: 0px;\n  background-color: rgb(193, 193, 193);\n}\n#section_313515044 .section-bg-overlay {\n  background-color: rgba(255, 255, 255, 0.85);\n}\n<\/style>\n\t<\/section>\n\t\r\n<div class=\"is-divider divider clearfix\" ><\/div><!-- .divider -->\r\n\r\n<a href=\"\/en\/elements\/pages\/jetzt-anfragen\/\" target=\"_self\" class=\"button primary is-larger expand\"  style=\"border-radius:99px;\">\n    <span>Request now<\/span>\n  <\/a>\n\r\n\r\n\r\n\r\n&nbsp;<!-- \/wp:post-content -->","protected":false},"excerpt":{"rendered":"<p>&nbsp;<\/p>","protected":false},"author":1,"featured_media":0,"parent":0,"menu_order":0,"comment_status":"closed","ping_status":"closed","template":"","meta":{"footnotes":""},"class_list":["post-545","page","type-page","status-publish","hentry"],"_links":{"self":[{"href":"https:\/\/hotel-pension-christl.de\/en\/wp-json\/wp\/v2\/pages\/545","targetHints":{"allow":["GET"]}}],"collection":[{"href":"https:\/\/hotel-pension-christl.de\/en\/wp-json\/wp\/v2\/pages"}],"about":[{"href":"https:\/\/hotel-pension-christl.de\/en\/wp-json\/wp\/v2\/types\/page"}],"author":[{"embeddable":true,"href":"https:\/\/hotel-pension-christl.de\/en\/wp-json\/wp\/v2\/users\/1"}],"replies":[{"embeddable":true,"href":"https:\/\/hotel-pension-christl.de\/en\/wp-json\/wp\/v2\/comments?post=545"}],"version-history":[{"count":1,"href":"https:\/\/hotel-pension-christl.de\/en\/wp-json\/wp\/v2\/pages\/545\/revisions"}],"predecessor-version":[{"id":546,"href":"https:\/\/hotel-pension-christl.de\/en\/wp-json\/wp\/v2\/pages\/545\/revisions\/546"}],"wp:attachment":[{"href":"https:\/\/hotel-pension-christl.de\/en\/wp-json\/wp\/v2\/media?parent=545"}],"curies":[{"name":"wp","href":"https:\/\/api.w.org\/{rel}","templated":true}]}}