{"id":453,"date":"2019-01-14T17:36:28","date_gmt":"2019-01-14T17:36:28","guid":{"rendered":"http:\/\/wordpress.hotel-pension-christl.de\/?page_id=453"},"modified":"2019-12-22T18:12:17","modified_gmt":"2019-12-22T18:12:17","slug":"umgebung","status":"publish","type":"page","link":"https:\/\/hotel-pension-christl.de\/en\/umgebung\/","title":{"rendered":"Surroundings"},"content":{"rendered":"<div class=\"gap-element\" style=\"display:block; height:auto; padding-top:50px\"><\/div>\n\t<section class=\"section\" id=\"section_1763847466\">\n\t\t<div class=\"bg section-bg fill bg-fill  bg-loaded\" >\n\n\t\t\t\n\t\t\t<div class=\"section-bg-overlay absolute fill\"><\/div>\n\t\t\t\n\n\t\t<\/div><!-- .section-bg -->\n\n\t\t<div class=\"section-content relative\">\n\t\t\t\n<div class=\"container section-title-container\" ><h4 class=\"section-title section-title-center\"><b><\/b><span class=\"section-title-main\" style=\"font-size:128%;\">The close surrounding of our hotel<\/span><b><\/b><\/h4><\/div><!-- .section-title -->\n<div class=\"row row-collapse row-full-width align-middle\"  id=\"row-1891470819\">\n<div class=\"col medium-2 small-12 large-2\"  ><div class=\"col-inner text-center\" style=\"max-width:520px;padding:10% 10% 10% 10%;\" >\n<\/div><\/div>\n<div class=\"col medium-4 small-12 large-4\"  ><div class=\"col-inner\"  >\n\t<div class=\"img has-hover x md-x lg-x y md-y lg-y\" id=\"image_1659712059\">\n\t\t\t\t\t\t\t\t<div class=\"img-inner dark\" >\n\t\t\t<img loading=\"lazy\" decoding=\"async\" width=\"656\" height=\"614\" src=\"https:\/\/hotel-pension-christl.de\/wp-content\/uploads\/2019\/01\/Umgebungskarte.jpg\" class=\"attachment-large size-large\" alt=\"\" srcset=\"https:\/\/hotel-pension-christl.de\/wp-content\/uploads\/2019\/01\/Umgebungskarte.jpg 656w, https:\/\/hotel-pension-christl.de\/wp-content\/uploads\/2019\/01\/Umgebungskarte-427x400.jpg 427w, https:\/\/hotel-pension-christl.de\/wp-content\/uploads\/2019\/01\/Umgebungskarte-600x562.jpg 600w\" sizes=\"auto, (max-width: 656px) 100vw, 656px\" \/>\t\t\t\t\t\t\n\t\t\t\t\t<\/div>\n\t\t\t\t\t\t\t\t\n<style scope=\"scope\">\n\n#image_1659712059 {\n  width: 100%;\n}\n<\/style>\n\t<\/div>\n\t\n<\/div><\/div>\n<div class=\"col medium-4 small-12 large-4\"  ><div class=\"col-inner\"  >\n<h3 class=\"accordion_title\">Nearer surroundings<\/h3><div class=\"accordion\" rel=\"\">\n<div class=\"accordion-item\"><a href=\"#\" class=\"accordion-title plain\"><button class=\"toggle\"><i class=\"icon-angle-down\"><\/i><\/button><span>\u00b01 Hote Pension Christl<\/span><\/a><div class=\"accordion-inner\">\n<p>Our hotel and therefore our starting point.<\/p>\n<\/div><\/div>\n<div class=\"accordion-item\"><a href=\"#\" class=\"accordion-title plain\"><button class=\"toggle\"><i class=\"icon-angle-down\"><\/i><\/button><span>\u00b02 The \"Werksviertel\"<\/span><\/a><div class=\"accordion-inner\">\n<p>The former Kultfabrik (venue for concerts and events)<\/p>\n<p>Grafingerstra\u00dfe 2, 81671 M\u00fcnchen<\/p>\n<p>(Discotheque area with live music and concerts)<\/p>\n<p><strong>Distance : 1 km<\/strong><\/p>\n<\/div><\/div>\n<div class=\"accordion-item\"><a href=\"#\" class=\"accordion-title plain\"><button class=\"toggle\"><i class=\"icon-angle-down\"><\/i><\/button><span>\u00b03 IHK Munich<\/span><\/a><div class=\"accordion-inner\">\n<p>IHK Berufs- und Weiterbildungs GmbH,<\/p>\n<p>Orleanstra\u00dfe 10-12, 81669 M\u00fcnchen<\/p>\n<p><strong>Distance: 500m<\/strong><\/p>\n<\/div><\/div>\n<div class=\"accordion-item\"><a href=\"#\" class=\"accordion-title plain\"><button class=\"toggle\"><i class=\"icon-angle-down\"><\/i><\/button><span>\u00b04 Munich Marienplatz<\/span><\/a><div class=\"accordion-inner\">\n<p class=\"paragraph_style_2\">The heart of our city, the Munich Marienplatz \/ center.<\/p>\n<p class=\"paragraph_style_2\">It takes you a 20 minute walk to get there.<\/p>\n<p class=\"paragraph_style_2\">Otherwise it can be reached by suburban train in 2 stops. (From Rosenheimerplatz, S-Bahn leaves every 5 minutes)\u00a0<\/p>\n<p class=\"paragraph_style_2\"><strong>Distance: 1,7 km<\/strong><\/p>\n<\/div><\/div>\n<div class=\"accordion-item\"><a href=\"#\" class=\"accordion-title plain\"><button class=\"toggle\"><i class=\"icon-angle-down\"><\/i><\/button><span>\u00b0 5 German Museum<\/span><\/a><div class=\"accordion-inner\">\n<p>The German Museum<\/p>\n<p class=\"paragraph_style_2\">Museumsinsel 1, 80538 M\u00fcnchen<\/p>\n<p><strong>Distance: 800m <\/strong><\/p>\n<p><strong>about an 8 minute walk<\/strong><\/p>\n<\/div><\/div>\n<\/div>\n<div class=\"accordion\" rel=\"\">\n<div class=\"accordion-item\"><a href=\"#\" class=\"accordion-title plain\"><button class=\"toggle\"><i class=\"icon-angle-down\"><\/i><\/button><span>\u00b06 The \"Muffathalle\"<\/span><\/a><div class=\"accordion-inner\">\n<p>The \"Muffathalle\"<\/p>\n<p>Zellstra\u00dfe 4, 81667 M\u00fcnchen<\/p>\n<p><strong>Distance: 500m <\/strong><\/p>\n<p><strong>about a 6 minute walk<\/strong><\/p>\n<\/div><\/div>\n<div class=\"accordion-item\"><a href=\"#\" class=\"accordion-title plain\"><button class=\"toggle\"><i class=\"icon-angle-down\"><\/i><\/button><span>\u00b07 Der Gasteig<\/span><\/a><div class=\"accordion-inner\">\n<p>Gasteig Philharmonie<\/p>\n<p>Rosenheimer Stra\u00dfe 5, 81667 M\u00fcnchen<\/p>\n<p>&nbsp;<\/p>\n<p><strong>Distance: 350 meters <\/strong><\/p>\n<p><strong>about a 3 minute walk<\/strong><\/p>\n<\/div><\/div>\n<div class=\"accordion-item\"><a href=\"#\" class=\"accordion-title plain\"><button class=\"toggle\"><i class=\"icon-angle-down\"><\/i><\/button><span>\u00b08 The Munich Isar<\/span><\/a><div class=\"accordion-inner\">\n<p>The Isar, the place to go for a walk and relax.<\/p>\n<p>&nbsp;<\/p>\n<p><strong>Distance: 500 meters<\/strong><\/p>\n<p><strong>about a 7 minute walk<\/strong><\/p>\n<\/div><\/div>\n<\/div>\n<\/div><\/div>\n\n<style scope=\"scope\">\n\n<\/style>\n<\/div>\n\t\t<\/div><!-- .section-content -->\n\n\t\t\n<style scope=\"scope\">\n\n#section_1763847466 {\n  padding-top: 0px;\n  padding-bottom: 0px;\n  background-color: rgb(247, 247, 247);\n}\n#section_1763847466 .section-bg-overlay {\n  background-color: rgba(255, 255, 255, 0.85);\n}\n<\/style>\n\t<\/section>\n\t\n<div class=\"is-divider divider clearfix\" style=\"max-width:5000px;height:5px;background-color:rgb(173, 173, 173);\"><\/div><!-- .divider -->\n<div class=\"gap-element\" style=\"display:block; height:auto; padding-top:50px\"><\/div>\n<div class=\"row\"  id=\"row-727633689\">\n<div class=\"col small-12 large-12\"  ><div class=\"col-inner\"  >\n<div class=\"row\"  id=\"row-1325284856\">\n<div class=\"col medium-6 small-12 large-6\"  ><div class=\"col-inner\"  >\n\t<div class=\"img has-hover x md-x lg-x y md-y lg-y\" id=\"image_1666595083\">\n\t\t\t\t\t\t\t\t<div class=\"img-inner dark\" >\n\t\t\t<img loading=\"lazy\" decoding=\"async\" width=\"656\" height=\"400\" src=\"https:\/\/hotel-pension-christl.de\/wp-content\/uploads\/2019\/01\/Hotel-Christl_aussen8-656x400.jpg\" class=\"attachment-medium size-medium\" alt=\"\" srcset=\"https:\/\/hotel-pension-christl.de\/wp-content\/uploads\/2019\/01\/Hotel-Christl_aussen8-656x400.jpg 656w, https:\/\/hotel-pension-christl.de\/wp-content\/uploads\/2019\/01\/Hotel-Christl_aussen8-768x468.jpg 768w, https:\/\/hotel-pension-christl.de\/wp-content\/uploads\/2019\/01\/Hotel-Christl_aussen8-1312x800.jpg 1312w, https:\/\/hotel-pension-christl.de\/wp-content\/uploads\/2019\/01\/Hotel-Christl_aussen8-600x366.jpg 600w\" sizes=\"auto, (max-width: 656px) 100vw, 656px\" \/>\t\t\t\t\t\t\n\t\t\t\t\t<\/div>\n\t\t\t\t\t\t\t\t\n<style scope=\"scope\">\n\n#image_1666595083 {\n  width: 100%;\n}\n<\/style>\n\t<\/div>\n\t\n<\/div><\/div>\n<div class=\"col medium-6 small-12 large-6\"  ><div class=\"col-inner\"  >\n<h3>Request now non-binding your room!<\/h3>\n<p>Testen Sie unser Zimmerangebot bei Ihrer n\u00e4chsten Reise nach M\u00fcnchen und geben Sie uns ehrliches Feedback, um Ihnen den bestm\u00f6glichen Aufenthalt bieten zu k\u00f6nnen.<\/p>\n<p>\u00a0<\/p>\n<p>\u00a0<\/p>\n<p>\u00a0<\/p>\n<a href=\"\/en\/elements\/pages\/jetzt-anfragen\/\" target=\"_self\" class=\"button primary is-outline expand\"  style=\"border-radius:99px;\">\n    <span>Request now<\/span>\n  <\/a>\n\n<\/div><\/div>\n<\/div>\n<\/div><\/div>\n<\/div>","protected":false},"excerpt":{"rendered":"","protected":false},"author":1,"featured_media":0,"parent":0,"menu_order":0,"comment_status":"closed","ping_status":"closed","template":"page-blank.php","meta":{"footnotes":""},"class_list":["post-453","page","type-page","status-publish","hentry"],"_links":{"self":[{"href":"https:\/\/hotel-pension-christl.de\/en\/wp-json\/wp\/v2\/pages\/453","targetHints":{"allow":["GET"]}}],"collection":[{"href":"https:\/\/hotel-pension-christl.de\/en\/wp-json\/wp\/v2\/pages"}],"about":[{"href":"https:\/\/hotel-pension-christl.de\/en\/wp-json\/wp\/v2\/types\/page"}],"author":[{"embeddable":true,"href":"https:\/\/hotel-pension-christl.de\/en\/wp-json\/wp\/v2\/users\/1"}],"replies":[{"embeddable":true,"href":"https:\/\/hotel-pension-christl.de\/en\/wp-json\/wp\/v2\/comments?post=453"}],"version-history":[{"count":14,"href":"https:\/\/hotel-pension-christl.de\/en\/wp-json\/wp\/v2\/pages\/453\/revisions"}],"predecessor-version":[{"id":590,"href":"https:\/\/hotel-pension-christl.de\/en\/wp-json\/wp\/v2\/pages\/453\/revisions\/590"}],"wp:attachment":[{"href":"https:\/\/hotel-pension-christl.de\/en\/wp-json\/wp\/v2\/media?parent=453"}],"curies":[{"name":"wp","href":"https:\/\/api.w.org\/{rel}","templated":true}]}}